{"id":471,"date":"2022-05-04T17:12:09","date_gmt":"2022-05-04T15:12:09","guid":{"rendered":"https:\/\/mindstyle-company.de\/?page_id=471"},"modified":"2022-05-05T11:38:42","modified_gmt":"2022-05-05T09:38:42","slug":"471-2","status":"publish","type":"page","link":"https:\/\/mindstyle-company.de\/","title":{"rendered":"Welcome"},"content":{"rendered":"\n<p>Ein professionelles und erfolgreiches Projekt braucht mehr als ein Zertifikat, Excel und PowerPoint.<\/p>\n\n\n\n<p>Sie sind auf der Suche nach einem Projektmanager, der Sie mit unendlich langen PowerPoint-Pr\u00e4sentationen \u00fcberh\u00e4uft, Ihre Projekte unflexibel, unstrukturiert und chaotisch f\u00fchrt, Sie in ausufernden Meetings, nicht mit den Informationen versorgt die Sie f\u00fcr Entscheidungen ben\u00f6tigen, dann finden Sie diesen mit Sicherheit woanders.<\/p>\n\n\n\n<p><\/p>\n\n\n\n<p>Suchen Sie aber ein Infrastruktur-Projektleiter, der Ihr Projekt zum Erfolg f\u00fchrt und Ihnen die Sicherheit gibt, dass das Projekt gut aufgehoben ist? Ihnen ein realistisches Bild vom Status, der Kosten, des Zeitplans gibt und Sie mit voller Kraft bei der Erreichung Ihrer Ziele unterst\u00fctzt? Das Projektteam f\u00fchrt und zu \u00fcberdurchschnittlichen Leistungen motiviert? Dann bin ich der Richtige f\u00fcr Sie!<\/p>\n\n\n\n<p>In den letzten 12 Jahren habe ich f\u00fcr unterschiedliche Auftraggeber erfolgreich IT-Infrastruktur-Projekte aller Art geleitet. Diese Erfahrungen bringe ich in jedes Projekt mit ein und helfe Ihnen so, Ihre Ziele zu erreichen.<\/p>\n\n\n\n<p>Gerne \u00fcberzeuge ich Sie pers\u00f6nlich von mir und meinen Ideen.<\/p>\n\n\n\n<p><a href=\"https:\/\/mindstyle-company.de\/?page_id=479\" data-type=\"page\" data-id=\"479\">Hier<\/a> finden Sie einen kleinen Auszug aus meinen <a href=\"https:\/\/mindstyle-company.de\/?page_id=479\" data-type=\"page\" data-id=\"479\">Erfahrungen<\/a>.<\/p>\n\n\n\n<p><\/p>\n\n\n\n<p>Sebastian Middendorf<\/p>\n","protected":false},"excerpt":{"rendered":"<p>Ein professionelles und erfolgreiches Projekt braucht mehr als ein Zertifikat, Excel und PowerPoint. Sie sind auf der Suche nach einem Projektmanager, der Sie mit unendlich langen PowerPoint-Pr\u00e4sentationen \u00fcberh\u00e4uft, Ihre Projekte unflexibel, unstrukturiert und chaotisch f\u00fchrt, Sie in ausufernden Meetings, nicht mit den Informationen versorgt die Sie f\u00fcr Entscheidungen ben\u00f6tigen, dann finden Sie diesen mit Sicherheit [&hellip;]<\/p>\n","protected":false},"author":1,"featured_media":0,"parent":0,"menu_order":0,"comment_status":"closed","ping_status":"closed","template":"","meta":{"spay_email":""},"_links":{"self":[{"href":"https:\/\/mindstyle-company.de\/index.php?rest_route=\/wp\/v2\/pages\/471"}],"collection":[{"href":"https:\/\/mindstyle-company.de\/index.php?rest_route=\/wp\/v2\/pages"}],"about":[{"href":"https:\/\/mindstyle-company.de\/index.php?rest_route=\/wp\/v2\/types\/page"}],"author":[{"embeddable":true,"href":"https:\/\/mindstyle-company.de\/index.php?rest_route=\/wp\/v2\/users\/1"}],"replies":[{"embeddable":true,"href":"https:\/\/mindstyle-company.de\/index.php?rest_route=%2Fwp%2Fv2%2Fcomments&post=471"}],"version-history":[{"count":19,"href":"https:\/\/mindstyle-company.de\/index.php?rest_route=\/wp\/v2\/pages\/471\/revisions"}],"predecessor-version":[{"id":521,"href":"https:\/\/mindstyle-company.de\/index.php?rest_route=\/wp\/v2\/pages\/471\/revisions\/521"}],"wp:attachment":[{"href":"https:\/\/mindstyle-company.de\/index.php?rest_route=%2Fwp%2Fv2%2Fmedia&parent=471"}],"curies":[{"name":"wp","href":"https:\/\/api.w.org\/{rel}","templated":true}]}}