{"id":479,"date":"2022-05-04T18:00:44","date_gmt":"2022-05-04T16:00:44","guid":{"rendered":"https:\/\/mindstyle-company.de\/?page_id=479"},"modified":"2022-05-04T18:59:46","modified_gmt":"2022-05-04T16:59:46","slug":"referenzen","status":"publish","type":"page","link":"https:\/\/mindstyle-company.de\/?page_id=479","title":{"rendered":"Referenzen"},"content":{"rendered":"\n<p class=\"has-medium-font-size\"><strong>Dental-Verbund \/ moderne IT-Infrastruktur<\/strong> \/ <strong>Projektleitung<\/strong> (Freelancer)<\/p>\n\n\n\n<p>Die Aufgabe des Kunde in diesem Projekt war die Konzepterstellung und Implementation einer neuen und zukunftssicheren IT-Infrastruktur die die folgenden Ziele unterst\u00fctzt:<\/p>\n\n\n\n<ul><li>Skalierbarkeit<\/li><li>Datensicherheit<\/li><li>zentrales Management<\/li><li>rechtliche Sicherheit<\/li><li>Mobilit\u00e4t der Mitarbeiter<\/li><li>Adaptierbar und einsetzbar in andere Europ\u00e4ische L\u00e4ndern<\/li><li>Reporting <\/li><li>Eskalationsmanagement<\/li><\/ul>\n\n\n\n<p>Im Zuge der Implementation des neuen Konzeptes, wurden die Bestandshardware und die Internet- und Telefonverbindungen und Vertr\u00e4ge an die neuen Herausforderungen angepasst und aktualisiert.<\/p>\n\n\n\n<p><em>Eingesetzte Tools und Services:<\/em><br>Office 365, Windows 10, MS Intune, MS VDS, MS SharePoint, OneDrive, MS Azure Services<\/p>\n\n\n\n<p><em>Besondere Herausforderungen<\/em>:<br>F\u00fcr die Implementation der \u00c4nderungen gab es nur ein sehr kleines Zeitfenster, in denen die Standorte geschlossen werden konnten. Die Zahnarztspezifischen Applikationen (PMS, Bildgebung, Archivsysteme etc.) und Peripherie-Systeme (R\u00f6ntgen, Sterilisation etc.) mussten nach der Umstellung sofort wieder einsatzbereit sein.<\/p>\n\n\n\n<p><\/p>\n\n\n\n<p class=\"has-medium-font-size\"><strong>H\u00f6rger\u00e4teakustiker \/ Windows 10 Migration<\/strong> \/<strong> Projektleitung<\/strong> (Freelancer)<\/p>\n\n\n\n<p>Die Aufgabenstellung des Kunden war es, alle deutschlandweiten Standorte (ca. 700), in weniger als 8 Monaten von Windows 7 auf Windows 10 zu migrieren.<\/p>\n\n\n\n<ul><li>Erstellung eines schl\u00fcssigen Rolloutkonzeptes<\/li><li>Erstellung eines funktionalen Windows 10 Abbildes<\/li><li>Organisation des Hardwarerollouts<\/li><li>Koordination interner und externer Projektmitglieder<\/li><\/ul>\n\n\n\n<p><em>Eingesetzte Tools und Services:<\/em><br>Windows 10, VMware Mirage<\/p>\n\n\n\n<p><em>Besondere Herausforderungen:<\/em><br>Die Ausgangslage in den jeweiligen Standorten war sehr heterogen und die anzubindende Branchenspezifische Peripherie ben\u00f6tigte eine zertifizierte Rekalibrierung. Weiterhin gab es nur ein kleines Zeitfenster in denen die Standorte geschlossen werden konnten. Die Logistik und das reine physikalische Volumen in diesem Projekt haben viele kreative L\u00f6sungsansetze gef\u00f6rdert. <\/p>\n\n\n\n<p><\/p>\n\n\n\n<p class=\"has-medium-font-size\"><strong>H\u00f6rger\u00e4teakustiker \/ zentrale IT-Infrastruktur \/ Projektleitung<\/strong> (Festanstellung)<\/p>\n\n\n\n<p>Ziel dieses Projektes war es, alle Standorte des Unternehmens (ca. 1300 Lokationen in 11 L\u00e4ndern) in einem zentralen Rechenzentrum zu konsolidieren. <\/p>\n\n\n\n<ul><li>Skalierbarkeit<\/li><li>Datensicherheit<\/li><li>Hochverf\u00fcgbarkeit<\/li><li>zentrales Management<\/li><li>rechtliche Sicherheit<\/li><li>Adaptierbar und einsetzbar in andere Europ\u00e4ische L\u00e4ndern<br><\/li><\/ul>\n\n\n\n<p><em>Eingesetzte Tools und Services:<\/em><br>MS Server, MS Terminal-Server, Thinprint, VMWare-Mirage, WTS-Broker, Cisco-Network, MPLS<\/p>\n\n\n\n<p><em>Besondere Herausforderungen:<\/em><br>Neben der eingesetzten sehr heterogenen IT-Hardware, der verh\u00e4ltnism\u00e4\u00dfig instabilen Internetverbindungen und den unterschiedlichen Sprachoptionen, waren die rechtlichen Voraussetzungen und die Einf\u00fchrung des zentralen IT-Managements gro\u00dfe Herausforderungen. <\/p>\n\n\n\n<p><\/p>\n","protected":false},"excerpt":{"rendered":"<p>Dental-Verbund \/ moderne IT-Infrastruktur \/ Projektleitung (Freelancer) Die Aufgabe des Kunde in diesem Projekt war die Konzepterstellung und Implementation einer neuen und zukunftssicheren IT-Infrastruktur die die folgenden Ziele unterst\u00fctzt: Skalierbarkeit Datensicherheit zentrales Management rechtliche Sicherheit Mobilit\u00e4t der Mitarbeiter Adaptierbar und einsetzbar in andere Europ\u00e4ische L\u00e4ndern Reporting Eskalationsmanagement Im Zuge der Implementation des neuen Konzeptes, wurden [&hellip;]<\/p>\n","protected":false},"author":1,"featured_media":0,"parent":0,"menu_order":0,"comment_status":"closed","ping_status":"closed","template":"","meta":{"spay_email":""},"_links":{"self":[{"href":"https:\/\/mindstyle-company.de\/index.php?rest_route=\/wp\/v2\/pages\/479"}],"collection":[{"href":"https:\/\/mindstyle-company.de\/index.php?rest_route=\/wp\/v2\/pages"}],"about":[{"href":"https:\/\/mindstyle-company.de\/index.php?rest_route=\/wp\/v2\/types\/page"}],"author":[{"embeddable":true,"href":"https:\/\/mindstyle-company.de\/index.php?rest_route=\/wp\/v2\/users\/1"}],"replies":[{"embeddable":true,"href":"https:\/\/mindstyle-company.de\/index.php?rest_route=%2Fwp%2Fv2%2Fcomments&post=479"}],"version-history":[{"count":6,"href":"https:\/\/mindstyle-company.de\/index.php?rest_route=\/wp\/v2\/pages\/479\/revisions"}],"predecessor-version":[{"id":494,"href":"https:\/\/mindstyle-company.de\/index.php?rest_route=\/wp\/v2\/pages\/479\/revisions\/494"}],"wp:attachment":[{"href":"https:\/\/mindstyle-company.de\/index.php?rest_route=%2Fwp%2Fv2%2Fmedia&parent=479"}],"curies":[{"name":"wp","href":"https:\/\/api.w.org\/{rel}","templated":true}]}}